{"id":12,"date":"2018-10-01T13:10:05","date_gmt":"2018-10-01T13:10:05","guid":{"rendered":"https:\/\/osteriaaesconte.it\/fra\/?page_id=12"},"modified":"2020-10-22T15:25:08","modified_gmt":"2020-10-22T13:25:08","slug":"chi-siamo","status":"publish","type":"page","link":"https:\/\/osteriaaesconte.it\/fra\/chi-siamo\/","title":{"rendered":"Chi siamo"},"content":{"rendered":"\t\t<div data-elementor-type=\"wp-post\" data-elementor-id=\"12\" class=\"elementor elementor-12\">\n\t\t\t\t\t\t<section class=\"elementor-section elementor-top-section elementor-element elementor-element-494f570a elementor-section-height-min-height elementor-section-content-middle elementor-section-boxed elementor-section-height-default elementor-section-items-middle\" data-id=\"494f570a\" data-element_type=\"section\" data-settings=\"{&quot;background_background&quot;:&quot;classic&quot;,&quot;shape_divider_bottom&quot;:&quot;triangle&quot;}\">\n\t\t\t\t\t\t\t<div class=\"elementor-background-overlay\"><\/div>\n\t\t\t\t\t\t<div class=\"elementor-shape elementor-shape-bottom\" data-negative=\"false\">\n\t\t\t<svg xmlns=\"http:\/\/www.w3.org\/2000\/svg\" viewBox=\"0 0 1000 100\" preserveAspectRatio=\"none\">\n\t<path class=\"elementor-shape-fill\" d=\"M500,98.9L0,6.1V0h1000v6.1L500,98.9z\"\/>\n<\/svg>\t\t<\/div>\n\t\t\t\t\t<div class=\"elementor-container elementor-column-gap-extended\">\n\t\t\t\t\t<div class=\"elementor-column elementor-col-16 elementor-top-column elementor-element elementor-element-210c1c72\" data-id=\"210c1c72\" data-element_type=\"column\">\n\t\t\t<div class=\"elementor-widget-wrap\">\n\t\t\t\t\t\t\t<\/div>\n\t\t<\/div>\n\t\t\t\t<div class=\"elementor-column elementor-col-66 elementor-top-column elementor-element elementor-element-7866b56d\" data-id=\"7866b56d\" data-element_type=\"column\">\n\t\t\t<div class=\"elementor-widget-wrap elementor-element-populated\">\n\t\t\t\t\t\t<div class=\"elementor-element elementor-element-2109fd99 elementor-widget elementor-widget-image\" data-id=\"2109fd99\" data-element_type=\"widget\" data-widget_type=\"image.default\">\n\t\t\t\t<div class=\"elementor-widget-container\">\n\t\t\t\t\t\t\t\t\t\t\t\t\t<img decoding=\"async\" width=\"200\" height=\"35\" src=\"https:\/\/osteriaaesconte.it\/fra\/wp-content\/uploads\/2020\/10\/divider-free-img-1.png\" class=\"attachment-full size-full wp-image-971\" alt=\"\" \/>\t\t\t\t\t\t\t\t\t\t\t\t\t<\/div>\n\t\t\t\t<\/div>\n\t\t\t\t<div class=\"elementor-element elementor-element-63ab5109 elementor-invisible elementor-widget elementor-widget-heading\" data-id=\"63ab5109\" data-element_type=\"widget\" data-settings=\"{&quot;_animation&quot;:&quot;fadeInDown&quot;}\" data-widget_type=\"heading.default\">\n\t\t\t\t<div class=\"elementor-widget-container\">\n\t\t\t<h3 class=\"elementor-heading-title elementor-size-default\">Osteria Ae Sconte<\/h3>\t\t<\/div>\n\t\t\t\t<\/div>\n\t\t\t\t<div class=\"elementor-element elementor-element-af74da5 elementor-invisible elementor-widget elementor-widget-heading\" data-id=\"af74da5\" data-element_type=\"widget\" data-settings=\"{&quot;_animation&quot;:&quot;fadeInUp&quot;,&quot;_animation_delay&quot;:200}\" data-widget_type=\"heading.default\">\n\t\t\t\t<div class=\"elementor-widget-container\">\n\t\t\t<h1 class=\"elementor-heading-title elementor-size-default\">Qui nous sommes<\/h1>\t\t<\/div>\n\t\t\t\t<\/div>\n\t\t\t\t<div class=\"elementor-element elementor-element-7a9095d elementor-hidden-phone elementor-invisible elementor-widget elementor-widget-text-editor\" data-id=\"7a9095d\" data-element_type=\"widget\" data-settings=\"{&quot;_animation&quot;:&quot;fadeInUp&quot;,&quot;_animation_delay&quot;:400}\" data-widget_type=\"text-editor.default\">\n\t\t\t\t<div class=\"elementor-widget-container\">\n\t\t\t\t\t\t\t<p>Le nom du lieu vient du jeu d\u2019enfant le plus ancien et le plus r\u00e9pandu: le cache-cache. Le restaurant est situ\u00e9 sur une petite place typiquement v\u00e9nitienne pleine de coins et de niches, le meilleur endroit pour jouer.<\/p>\t\t\t\t\t\t<\/div>\n\t\t\t\t<\/div>\n\t\t\t\t\t<\/div>\n\t\t<\/div>\n\t\t\t\t<div class=\"elementor-column elementor-col-16 elementor-top-column elementor-element elementor-element-5dd45d67\" data-id=\"5dd45d67\" data-element_type=\"column\">\n\t\t\t<div class=\"elementor-widget-wrap\">\n\t\t\t\t\t\t\t<\/div>\n\t\t<\/div>\n\t\t\t\t\t<\/div>\n\t\t<\/section>\n\t\t\t\t<section class=\"elementor-section elementor-top-section elementor-element elementor-element-438be5a1 elementor-section-boxed elementor-section-height-default elementor-section-height-default\" data-id=\"438be5a1\" data-element_type=\"section\" data-settings=\"{&quot;background_background&quot;:&quot;gradient&quot;}\">\n\t\t\t\t\t\t<div class=\"elementor-container elementor-column-gap-no\">\n\t\t\t\t\t<div class=\"elementor-column elementor-col-100 elementor-top-column elementor-element elementor-element-7d758eb\" data-id=\"7d758eb\" data-element_type=\"column\">\n\t\t\t<div class=\"elementor-widget-wrap elementor-element-populated\">\n\t\t\t\t\t\t<section class=\"elementor-section elementor-inner-section elementor-element elementor-element-8cb8660 elementor-section-content-middle elementor-section-boxed elementor-section-height-default elementor-section-height-default\" data-id=\"8cb8660\" data-element_type=\"section\">\n\t\t\t\t\t\t<div class=\"elementor-container elementor-column-gap-default\">\n\t\t\t\t\t<div class=\"elementor-column elementor-col-25 elementor-inner-column elementor-element elementor-element-4cf65221\" data-id=\"4cf65221\" data-element_type=\"column\">\n\t\t\t<div class=\"elementor-widget-wrap\">\n\t\t\t\t\t\t\t<\/div>\n\t\t<\/div>\n\t\t\t\t<div class=\"elementor-column elementor-col-50 elementor-inner-column elementor-element elementor-element-165d7335\" data-id=\"165d7335\" data-element_type=\"column\">\n\t\t\t<div class=\"elementor-widget-wrap elementor-element-populated\">\n\t\t\t\t\t\t<div class=\"elementor-element elementor-element-6b73202e elementor-invisible elementor-widget elementor-widget-heading\" data-id=\"6b73202e\" data-element_type=\"widget\" data-settings=\"{&quot;_animation&quot;:&quot;fadeInDown&quot;}\" data-widget_type=\"heading.default\">\n\t\t\t\t<div class=\"elementor-widget-container\">\n\t\t\t<h2 class=\"elementor-heading-title elementor-size-default\">Storia.<\/h2>\t\t<\/div>\n\t\t\t\t<\/div>\n\t\t\t\t<div class=\"elementor-element elementor-element-f0db8a8 elementor-invisible elementor-widget elementor-widget-text-editor\" data-id=\"f0db8a8\" data-element_type=\"widget\" data-settings=\"{&quot;_animation&quot;:&quot;fadeInUp&quot;,&quot;_animation_delay&quot;:200}\" data-widget_type=\"text-editor.default\">\n\t\t\t\t<div class=\"elementor-widget-container\">\n\t\t\t\t\t\t\t<p>Le nom du lieu vient du jeu d\u2019enfant le plus ancien et le plus r\u00e9pandu: le cache-cache. Le restaurant est situ\u00e9 sur une petite place typiquement v\u00e9nitienne pleine de coins et de niches, le meilleur endroit pour jouer.<\/p>\t\t\t\t\t\t<\/div>\n\t\t\t\t<\/div>\n\t\t\t\t<div class=\"elementor-element elementor-element-2888f3d7 elementor-widget elementor-widget-text-editor\" data-id=\"2888f3d7\" data-element_type=\"widget\" data-widget_type=\"text-editor.default\">\n\t\t\t\t<div class=\"elementor-widget-container\">\n\t\t\t\t\t\t\t<p>Dans un contexte typiquement v\u00e9nitien et dans le respect de ses anciennes traditions d\u2019hospitalit\u00e9, la taverne cicchetteria \u201cAe Sconte\u201d vous attend pour vous offrir un avant-go\u00fbt des plats v\u00e9nitiens les plus typiques.<\/p><p>Un environnement raffin\u00e9 et en m\u00eame temps apparent\u00e9 \u00e0 l\u2019esprit de la vieille ville, un service discret et efficace, \u00e0 m\u00eame de vous conseiller au mieux dans le choix des plats du jour et des mets fra\u00eechement pr\u00e9par\u00e9s avec comp\u00e9tence et soin du chef, seront la cl\u00e9 pour satisfaire tous les go\u00fbts. votre besoin culinaire<\/p><p>Que vous ayez une collation rapide \u00e0 midi ou une collation \u00abslow food\u00bb, vous trouverez ici un choix abondant de plats allant d\u2019une s\u00e9lection de \u00abcicheti\u00bb (poisson v\u00e9nitien typique, l\u00e9gumes ou viande saltimbocca) aux plats les plus app\u00e9tissants. , \u00e0 une \u201ccarte\u201d toujours mise \u00e0 jour et vari\u00e9e avec la disponibilit\u00e9 des produits de saison.<\/p><p>Sans oublier une cave \u00e0 vin discr\u00e8te pour accompagner les plats selon les indications pr\u00e9cieuses du propri\u00e9taire et de ses collaborateurs.<\/p><p>L\u2019Osteria, comme tout \u00abb\u00e0caro\u00bb qui se respecte, offre des services au comptoir pour d\u00e9guster des collations et des boissons.<\/p><p>Nous vous attendons!<\/p>\t\t\t\t\t\t<\/div>\n\t\t\t\t<\/div>\n\t\t\t\t<div class=\"elementor-element elementor-element-7fbe097b elementor-widget elementor-widget-image\" data-id=\"7fbe097b\" data-element_type=\"widget\" data-widget_type=\"image.default\">\n\t\t\t\t<div class=\"elementor-widget-container\">\n\t\t\t\t\t\t\t\t\t\t\t\t\t<img decoding=\"async\" width=\"200\" height=\"35\" src=\"https:\/\/osteriaaesconte.it\/fra\/wp-content\/uploads\/2020\/10\/divider-free-img-1.png\" class=\"attachment-full size-full wp-image-971\" alt=\"\" \/>\t\t\t\t\t\t\t\t\t\t\t\t\t<\/div>\n\t\t\t\t<\/div>\n\t\t\t\t\t<\/div>\n\t\t<\/div>\n\t\t\t\t<div class=\"elementor-column elementor-col-25 elementor-inner-column elementor-element elementor-element-3a7cfdc3\" data-id=\"3a7cfdc3\" data-element_type=\"column\">\n\t\t\t<div class=\"elementor-widget-wrap\">\n\t\t\t\t\t\t\t<\/div>\n\t\t<\/div>\n\t\t\t\t\t<\/div>\n\t\t<\/section>\n\t\t\t\t<section class=\"elementor-section elementor-inner-section elementor-element elementor-element-6b7fed50 elementor-section-content-middle elementor-section-boxed elementor-section-height-default elementor-section-height-default\" data-id=\"6b7fed50\" data-element_type=\"section\">\n\t\t\t\t\t\t<div class=\"elementor-container elementor-column-gap-extended\">\n\t\t\t\t\t<div class=\"elementor-column elementor-col-16 elementor-inner-column elementor-element elementor-element-330ccf34\" data-id=\"330ccf34\" data-element_type=\"column\">\n\t\t\t<div class=\"elementor-widget-wrap\">\n\t\t\t\t\t\t\t<\/div>\n\t\t<\/div>\n\t\t\t\t<div class=\"elementor-column elementor-col-66 elementor-inner-column elementor-element elementor-element-23cda556\" data-id=\"23cda556\" data-element_type=\"column\">\n\t\t\t<div class=\"elementor-widget-wrap elementor-element-populated\">\n\t\t\t\t\t\t<div class=\"elementor-element elementor-element-6155433b elementor-arrows-position-inside elementor-widget elementor-widget-image-carousel\" data-id=\"6155433b\" data-element_type=\"widget\" data-settings=\"{&quot;slides_to_show&quot;:&quot;1&quot;,&quot;navigation&quot;:&quot;arrows&quot;,&quot;autoplay&quot;:&quot;yes&quot;,&quot;pause_on_hover&quot;:&quot;yes&quot;,&quot;pause_on_interaction&quot;:&quot;yes&quot;,&quot;autoplay_speed&quot;:5000,&quot;infinite&quot;:&quot;yes&quot;,&quot;effect&quot;:&quot;slide&quot;,&quot;speed&quot;:500}\" data-widget_type=\"image-carousel.default\">\n\t\t\t\t<div class=\"elementor-widget-container\">\n\t\t\t\t\t<div class=\"elementor-image-carousel-wrapper swiper\" dir=\"ltr\">\n\t\t\t<div class=\"elementor-image-carousel swiper-wrapper\" aria-live=\"off\">\n\t\t\t\t\t\t\t\t<div class=\"swiper-slide\" role=\"group\" aria-roledescription=\"slide\" aria-label=\"1 di 4\"><figure class=\"swiper-slide-inner\"><img decoding=\"async\" class=\"swiper-slide-image\" src=\"https:\/\/osteriaaesconte.it\/fra\/wp-content\/uploads\/2020\/10\/img55-2-1.jpg\" alt=\"img55-2.jpg\" \/><\/figure><\/div><div class=\"swiper-slide\" role=\"group\" aria-roledescription=\"slide\" aria-label=\"2 di 4\"><figure class=\"swiper-slide-inner\"><img decoding=\"async\" class=\"swiper-slide-image\" src=\"https:\/\/osteriaaesconte.it\/fra\/wp-content\/uploads\/2020\/10\/DSC_8295-scaled-1-1.jpg\" alt=\"DSC_8295-scaled-1.jpg\" \/><\/figure><\/div><div class=\"swiper-slide\" role=\"group\" aria-roledescription=\"slide\" aria-label=\"3 di 4\"><figure class=\"swiper-slide-inner\"><img decoding=\"async\" class=\"swiper-slide-image\" src=\"https:\/\/osteriaaesconte.it\/fra\/wp-content\/uploads\/2020\/10\/DSC_8328-scaled-2-1.jpg\" alt=\"DSC_8328-scaled-2.jpg\" \/><\/figure><\/div><div class=\"swiper-slide\" role=\"group\" aria-roledescription=\"slide\" aria-label=\"4 di 4\"><figure class=\"swiper-slide-inner\"><img decoding=\"async\" class=\"swiper-slide-image\" src=\"https:\/\/osteriaaesconte.it\/fra\/wp-content\/uploads\/2020\/10\/img3-1-640x480-2-1.jpg\" alt=\"img3-1-640x480-2.jpg\" \/><\/figure><\/div>\t\t\t<\/div>\n\t\t\t\t\t\t\t\t\t\t\t\t<div class=\"elementor-swiper-button elementor-swiper-button-prev\" role=\"button\" tabindex=\"0\">\n\t\t\t\t\t\t<i aria-hidden=\"true\" class=\"eicon-chevron-left\"><\/i>\t\t\t\t\t<\/div>\n\t\t\t\t\t<div class=\"elementor-swiper-button elementor-swiper-button-next\" role=\"button\" tabindex=\"0\">\n\t\t\t\t\t\t<i aria-hidden=\"true\" class=\"eicon-chevron-right\"><\/i>\t\t\t\t\t<\/div>\n\t\t\t\t\n\t\t\t\t\t\t\t\t\t<\/div>\n\t\t\t\t<\/div>\n\t\t\t\t<\/div>\n\t\t\t\t\t<\/div>\n\t\t<\/div>\n\t\t\t\t<div class=\"elementor-column elementor-col-16 elementor-inner-column elementor-element elementor-element-7c81508d\" data-id=\"7c81508d\" data-element_type=\"column\">\n\t\t\t<div class=\"elementor-widget-wrap\">\n\t\t\t\t\t\t\t<\/div>\n\t\t<\/div>\n\t\t\t\t\t<\/div>\n\t\t<\/section>\n\t\t\t\t\t<\/div>\n\t\t<\/div>\n\t\t\t\t\t<\/div>\n\t\t<\/section>\n\t\t\t\t<section class=\"elementor-section elementor-top-section elementor-element elementor-element-55eaae0 elementor-section-content-middle elementor-section-boxed elementor-section-height-default elementor-section-height-default\" data-id=\"55eaae0\" data-element_type=\"section\" data-settings=\"{&quot;background_background&quot;:&quot;classic&quot;}\">\n\t\t\t\t\t\t<div class=\"elementor-container elementor-column-gap-default\">\n\t\t\t\t\t<div class=\"elementor-column elementor-col-100 elementor-top-column elementor-element elementor-element-1e30d79\" data-id=\"1e30d79\" data-element_type=\"column\">\n\t\t\t<div class=\"elementor-widget-wrap\">\n\t\t\t\t\t\t\t<\/div>\n\t\t<\/div>\n\t\t\t\t\t<\/div>\n\t\t<\/section>\n\t\t\t\t<\/div>\n\t\t","protected":false},"excerpt":{"rendered":"<p>Osteria Ae Sconte Qui nous sommes Le nom du lieu vient du jeu d\u2019enfant le plus ancien et le plus r\u00e9pandu: le cache-cache. Le restaurant est situ\u00e9 sur une petite place typiquement v\u00e9nitienne pleine de coins et de niches, le meilleur endroit pour jouer. Storia. Le nom du lieu vient du jeu d\u2019enfant le plus &hellip;<\/p>\n<p class=\"read-more\"> <a class=\"\" href=\"https:\/\/osteriaaesconte.it\/fra\/chi-siamo\/\"> <span class=\"screen-reader-text\">Chi siamo<\/span> Leggi altro &raquo;<\/a><\/p>\n","protected":false},"author":1,"featured_media":0,"parent":0,"menu_order":2,"comment_status":"closed","ping_status":"closed","template":"","meta":{"footnotes":""},"class_list":["post-12","page","type-page","status-publish","hentry"],"_links":{"self":[{"href":"https:\/\/osteriaaesconte.it\/fra\/wp-json\/wp\/v2\/pages\/12","targetHints":{"allow":["GET"]}}],"collection":[{"href":"https:\/\/osteriaaesconte.it\/fra\/wp-json\/wp\/v2\/pages"}],"about":[{"href":"https:\/\/osteriaaesconte.it\/fra\/wp-json\/wp\/v2\/types\/page"}],"author":[{"embeddable":true,"href":"https:\/\/osteriaaesconte.it\/fra\/wp-json\/wp\/v2\/users\/1"}],"replies":[{"embeddable":true,"href":"https:\/\/osteriaaesconte.it\/fra\/wp-json\/wp\/v2\/comments?post=12"}],"version-history":[{"count":8,"href":"https:\/\/osteriaaesconte.it\/fra\/wp-json\/wp\/v2\/pages\/12\/revisions"}],"predecessor-version":[{"id":1159,"href":"https:\/\/osteriaaesconte.it\/fra\/wp-json\/wp\/v2\/pages\/12\/revisions\/1159"}],"wp:attachment":[{"href":"https:\/\/osteriaaesconte.it\/fra\/wp-json\/wp\/v2\/media?parent=12"}],"curies":[{"name":"wp","href":"https:\/\/api.w.org\/{rel}","templated":true}]}}